{"id":806,"date":"2021-06-02T12:49:14","date_gmt":"2021-06-02T10:49:14","guid":{"rendered":"http:\/\/precassino.ch\/?page_id=806"},"modified":"2021-06-02T12:57:31","modified_gmt":"2021-06-02T10:57:31","slug":"associazione","status":"publish","type":"page","link":"https:\/\/precassino.ch\/index.php\/associazione\/?lang=de","title":{"rendered":"Verband heute"},"content":{"rendered":"<p>Als Eigent\u00fcmer des Kulturgutes hat die PRO Cadenazzo Robasacco die Gr\u00fcndung eines speziellen Vereins angeregt, mit dem Ziel, dieses einzigartige Kulturgut unseres Territoriums zu verstehen, zu restrukturieren und somit zu\u00a0neuem Leben erwecken. Im Jahr 2020 &#8211; dem Jahr der Einweihung des Ceneri 2020 &#8211; hat Pro Cadenazzo Robasacco seine Aufgaben\u00a0mit hervorragender Qualit\u00e4t\u00a0erf\u00fcllt und somit die Integration der begonnenen Aktivit\u00e4ten erm\u00f6glicht.<\/p>\n<h1 class=\"entry-title mb\">Verband gestern<\/h1>\n<p>Der Verein unter dem Namen \u201cAssociazione dell\u2019Antico Mulino del Precassino\u201d (der Verein zur alten M\u00fchle am Precassinobach) hat das Ziel erreicht die alte, schon seit vielen Jahrzehnten ungen\u00fctzte M\u00fchle wieder aufzubauen. Mit viel Enthusiasmus und Willenskraft\u00a0 ist es uns gelungen dieses Geb\u00e4ude wieder aufleben lassen.<\/p>\n<p>Dies war nicht einfach sein, aber die Hoffnung die M\u00fchle der Bev\u00f6lkerung, dem Tourismus, den Schulen und allen anderen interessierten Personen wieder zug\u00e4nglich zu machen hat uns angespornt. Ausserdem haben wir dieses Geb\u00e4ude in den historischen Fuss- und S\u00e4umerweg eingegliedert, der die Magadinoebene mit der Region s\u00fcdlich des Monte Ceneri verbindet.<\/p>\n<p>Enzo Firrao, Segretario<br \/>\nPaolo Panscera (Kassier)<br \/>\nRodolfo Widmer (Mitglied)<br \/>\nFilippo Rosini, (Pr\u00e4sident)<br \/>\nKim Cimino, (Mitglied)<br \/>\nAthos Caccia, (Vize Pr\u00e4sident)<br \/>\nUlrico Feitknecht, (Mitglied)<br \/>\nGiovanni Sciuchetti, (Mitglied)<br \/>\nIsmael Holly, (Mitglied) <em>(non appare in foto)<\/em><\/p>\n<p><img loading=\"lazy\" decoding=\"async\" class=\"alignnone size-full wp-image-1105\" src=\"https:\/\/precassino.ch\/wp-content\/uploads\/2019\/09\/Comitato-precassino-.jpg\" alt=\"\" width=\"2489\" height=\"1594\" srcset=\"https:\/\/precassino.ch\/wp-content\/uploads\/2019\/09\/Comitato-precassino-.jpg 2489w, https:\/\/precassino.ch\/wp-content\/uploads\/2019\/09\/Comitato-precassino--300x192.jpg 300w, https:\/\/precassino.ch\/wp-content\/uploads\/2019\/09\/Comitato-precassino--768x492.jpg 768w, https:\/\/precassino.ch\/wp-content\/uploads\/2019\/09\/Comitato-precassino--1024x656.jpg 1024w\" sizes=\"auto, (max-width: 2489px) 100vw, 2489px\" \/><\/p>\n","protected":false},"excerpt":{"rendered":"<p>Als Eigent\u00fcmer des Kulturgutes hat die PRO Cadenazzo Robasacco die Gr\u00fcndung eines speziellen Vereins angeregt, mit dem Ziel, dieses einzigartige Kulturgut unseres Territoriums zu verstehen, zu restrukturieren und somit&hellip; <\/p>\n","protected":false},"author":1,"featured_media":0,"parent":0,"menu_order":0,"comment_status":"closed","ping_status":"closed","template":"","meta":{"footnotes":""},"class_list":["post-806","page","type-page","status-publish","hentry"],"_links":{"self":[{"href":"https:\/\/precassino.ch\/index.php\/wp-json\/wp\/v2\/pages\/806","targetHints":{"allow":["GET"]}}],"collection":[{"href":"https:\/\/precassino.ch\/index.php\/wp-json\/wp\/v2\/pages"}],"about":[{"href":"https:\/\/precassino.ch\/index.php\/wp-json\/wp\/v2\/types\/page"}],"author":[{"embeddable":true,"href":"https:\/\/precassino.ch\/index.php\/wp-json\/wp\/v2\/users\/1"}],"replies":[{"embeddable":true,"href":"https:\/\/precassino.ch\/index.php\/wp-json\/wp\/v2\/comments?post=806"}],"version-history":[{"count":11,"href":"https:\/\/precassino.ch\/index.php\/wp-json\/wp\/v2\/pages\/806\/revisions"}],"predecessor-version":[{"id":1350,"href":"https:\/\/precassino.ch\/index.php\/wp-json\/wp\/v2\/pages\/806\/revisions\/1350"}],"wp:attachment":[{"href":"https:\/\/precassino.ch\/index.php\/wp-json\/wp\/v2\/media?parent=806"}],"curies":[{"name":"wp","href":"https:\/\/api.w.org\/{rel}","templated":true}]}}